{"id":11,"date":"2024-09-15T21:02:13","date_gmt":"2024-09-15T19:02:13","guid":{"rendered":"https:\/\/www.fotomonika.pl\/wp\/?page_id=11"},"modified":"2024-11-17T19:27:02","modified_gmt":"2024-11-17T18:27:02","slug":"o-mnie","status":"publish","type":"page","link":"https:\/\/www.fotomonika.pl\/index.php\/o-mnie\/","title":{"rendered":"o mnie"},"content":{"rendered":"\t\t<div data-elementor-type=\"wp-page\" data-elementor-id=\"11\" class=\"elementor elementor-11\">\n\t\t\t\t<div class=\"elementor-element elementor-element-182eae8 e-grid e-con-boxed e-con e-parent\" data-id=\"182eae8\" data-element_type=\"container\" data-e-type=\"container\">\n\t\t\t\t\t<div class=\"e-con-inner\">\n\t\t\t\t<div class=\"elementor-element elementor-element-aead2b0 elementor-widget elementor-widget-text-editor\" data-id=\"aead2b0\" data-element_type=\"widget\" data-e-type=\"widget\" data-widget_type=\"text-editor.default\">\n\t\t\t\t<div class=\"elementor-widget-container\">\n\t\t\t\t\t\t\t\t\t<h4>Witaj na mojej stronie!<\/h4><p>Mam na imi\u0119 Monika i jestem pasjonatk\u0105 fotografii krajobrazowej. To moje hobby i spos\u00f3b sp\u0119dzania wolnego czasu. Najbardziej lubi\u0119 b\u0142\u0105ka\u0107 si\u0119 z aparatem po wszelkich odludnych miejscach, szczeg\u00f3lnie je\u015bli znajduj\u0105 si\u0119 na p\u00f3\u0142nocy Europy. Lubi\u0119 wstawa\u0107 o nieprzyzwoicie wczesnej porze i k\u0142a\u015b\u0107 si\u0119 spa\u0107 po zmroku, albo i wcale \ud83d\ude42 by ogl\u0105da\u0107 cuda natury jakie zwykle umykaj\u0105.\u00a0<\/p><p>Lubi\u0119 patrze\u0107 jak \u015bwiat\u0142o oraz pora roku zmieniaj\u0105 krajobraz, dlatego cz\u0119sto wracam w te same miejsca, odkrywaj\u0105c je ci\u0105gle na nowo. Moim ukochanym miejscem s\u0105 Wyspy Owcze, te kilkana\u015bcie ma\u0142ych wysepek rzuconych na oceanie, skrad\u0142o moje serce jak tylko pierwszy raz postawia\u0142am nog\u0119, a mo\u017ce w\u0142a\u015bciwie nogi statywu \ud83d\ude42 na ich trawiastej, mokrej ziemi.\u00a0<\/p><p>Zapraszam Ci\u0119 do ogl\u0105dania moich zdj\u0119\u0107, kt\u00f3re znajdziesz w zak\u0142adce GALERIA. Mam nadziej\u0119, \u017ce moje fotografie zainspiruj\u0105 Ci\u0119 do odkrywania pi\u0119kna natury i podr\u00f3\u017cowania w nieznane.<\/p>\t\t\t\t\t\t\t\t<\/div>\n\t\t\t\t<\/div>\n\t\t\t\t<div class=\"elementor-element elementor-element-4e6f91e elementor-widget elementor-widget-image\" data-id=\"4e6f91e\" data-element_type=\"widget\" data-e-type=\"widget\" data-widget_type=\"image.default\">\n\t\t\t\t<div class=\"elementor-widget-container\">\n\t\t\t\t\t\t\t\t\t\t\t\t\t\t\t<img fetchpriority=\"high\" decoding=\"async\" width=\"239\" height=\"300\" src=\"https:\/\/www.fotomonika.pl\/wp-content\/uploads\/2024\/09\/omnie-239x300.jpg\" class=\"attachment-medium size-medium wp-image-115\" alt=\"\" srcset=\"https:\/\/www.fotomonika.pl\/wp-content\/uploads\/2024\/09\/omnie-239x300.jpg 239w, https:\/\/www.fotomonika.pl\/wp-content\/uploads\/2024\/09\/omnie-817x1024.jpg 817w, https:\/\/www.fotomonika.pl\/wp-content\/uploads\/2024\/09\/omnie-768x963.jpg 768w, https:\/\/www.fotomonika.pl\/wp-content\/uploads\/2024\/09\/omnie.jpg 859w\" sizes=\"(max-width: 239px) 100vw, 239px\" \/>\t\t\t\t\t\t\t\t\t\t\t\t\t\t\t<\/div>\n\t\t\t\t<\/div>\n\t\t\t\t<div class=\"elementor-element elementor-element-0f69693 elementor-shape-rounded elementor-grid-0 e-grid-align-center elementor-widget elementor-widget-social-icons\" data-id=\"0f69693\" data-element_type=\"widget\" data-e-type=\"widget\" data-widget_type=\"social-icons.default\">\n\t\t\t\t<div class=\"elementor-widget-container\">\n\t\t\t\t\t\t\t<div class=\"elementor-social-icons-wrapper elementor-grid\" role=\"list\">\n\t\t\t\t\t\t\t<span class=\"elementor-grid-item\" role=\"listitem\">\n\t\t\t\t\t<a class=\"elementor-icon elementor-social-icon elementor-social-icon-instagram elementor-repeater-item-e86474b\" href=\"https:\/\/www.instagram.com\/monika_k75\/\" target=\"_blank\">\n\t\t\t\t\t\t<span class=\"elementor-screen-only\">Instagram<\/span>\n\t\t\t\t\t\t<svg aria-hidden=\"true\" class=\"e-font-icon-svg e-fab-instagram\" viewBox=\"0 0 448 512\" xmlns=\"http:\/\/www.w3.org\/2000\/svg\"><path d=\"M224.1 141c-63.6 0-114.9 51.3-114.9 114.9s51.3 114.9 114.9 114.9S339 319.5 339 255.9 287.7 141 224.1 141zm0 189.6c-41.1 0-74.7-33.5-74.7-74.7s33.5-74.7 74.7-74.7 74.7 33.5 74.7 74.7-33.6 74.7-74.7 74.7zm146.4-194.3c0 14.9-12 26.8-26.8 26.8-14.9 0-26.8-12-26.8-26.8s12-26.8 26.8-26.8 26.8 12 26.8 26.8zm76.1 27.2c-1.7-35.9-9.9-67.7-36.2-93.9-26.2-26.2-58-34.4-93.9-36.2-37-2.1-147.9-2.1-184.9 0-35.8 1.7-67.6 9.9-93.9 36.1s-34.4 58-36.2 93.9c-2.1 37-2.1 147.9 0 184.9 1.7 35.9 9.9 67.7 36.2 93.9s58 34.4 93.9 36.2c37 2.1 147.9 2.1 184.9 0 35.9-1.7 67.7-9.9 93.9-36.2 26.2-26.2 34.4-58 36.2-93.9 2.1-37 2.1-147.8 0-184.8zM398.8 388c-7.8 19.6-22.9 34.7-42.6 42.6-29.5 11.7-99.5 9-132.1 9s-102.7 2.6-132.1-9c-19.6-7.8-34.7-22.9-42.6-42.6-11.7-29.5-9-99.5-9-132.1s-2.6-102.7 9-132.1c7.8-19.6 22.9-34.7 42.6-42.6 29.5-11.7 99.5-9 132.1-9s102.7-2.6 132.1 9c19.6 7.8 34.7 22.9 42.6 42.6 11.7 29.5 9 99.5 9 132.1s2.7 102.7-9 132.1z\"><\/path><\/svg>\t\t\t\t\t<\/a>\n\t\t\t\t<\/span>\n\t\t\t\t\t\t\t<span class=\"elementor-grid-item\" role=\"listitem\">\n\t\t\t\t\t<a class=\"elementor-icon elementor-social-icon elementor-social-icon-500px elementor-repeater-item-c219aad\" href=\"https:\/\/500px.com\/manager?view=photos&#038;filter=all\" target=\"_blank\">\n\t\t\t\t\t\t<span class=\"elementor-screen-only\">500px<\/span>\n\t\t\t\t\t\t<svg aria-hidden=\"true\" class=\"e-font-icon-svg e-fab-500px\" viewBox=\"0 0 448 512\" xmlns=\"http:\/\/www.w3.org\/2000\/svg\"><path d=\"M103.3 344.3c-6.5-14.2-6.9-18.3 7.4-23.1 25.6-8 8 9.2 43.2 49.2h.3v-93.9c1.2-50.2 44-92.2 97.7-92.2 53.9 0 97.7 43.5 97.7 96.8 0 63.4-60.8 113.2-128.5 93.3-10.5-4.2-2.1-31.7 8.5-28.6 53 0 89.4-10.1 89.4-64.4 0-61-77.1-89.6-116.9-44.6-23.5 26.4-17.6 42.1-17.6 157.6 50.7 31 118.3 22 160.4-20.1 24.8-24.8 38.5-58 38.5-93 0-35.2-13.8-68.2-38.8-93.3-24.8-24.8-57.8-38.5-93.3-38.5s-68.8 13.8-93.5 38.5c-.3.3-16 16.5-21.2 23.9l-.5.6c-3.3 4.7-6.3 9.1-20.1 6.1-6.9-1.7-14.3-5.8-14.3-11.8V20c0-5 3.9-10.5 10.5-10.5h241.3c8.3 0 8.3 11.6 8.3 15.1 0 3.9 0 15.1-8.3 15.1H130.3v132.9h.3c104.2-109.8 282.8-36 282.8 108.9 0 178.1-244.8 220.3-310.1 62.8zm63.3-260.8c-.5 4.2 4.6 24.5 14.6 20.6C306 56.6 384 144.5 390.6 144.5c4.8 0 22.8-15.3 14.3-22.8-93.2-89-234.5-57-238.3-38.2zM393 414.7C283 524.6 94 475.5 61 310.5c0-12.2-30.4-7.4-28.9 3.3 24 173.4 246 256.9 381.6 121.3 6.9-7.8-12.6-28.4-20.7-20.4zM213.6 306.6c0 4 4.3 7.3 5.5 8.5 3 3 6.1 4.4 8.5 4.4 3.8 0 2.6.2 22.3-19.5 19.6 19.3 19.1 19.5 22.3 19.5 5.4 0 18.5-10.4 10.7-18.2L265.6 284l18.2-18.2c6.3-6.8-10.1-21.8-16.2-15.7L249.7 268c-18.6-18.8-18.4-19.5-21.5-19.5-5 0-18 11.7-12.4 17.3L234 284c-18.1 17.9-20.4 19.2-20.4 22.6z\"><\/path><\/svg>\t\t\t\t\t<\/a>\n\t\t\t\t<\/span>\n\t\t\t\t\t<\/div>\n\t\t\t\t\t\t<\/div>\n\t\t\t\t<\/div>\n\t\t\t\t\t<\/div>\n\t\t\t\t<\/div>\n\t\t\t\t<\/div>\n\t\t","protected":false},"excerpt":{"rendered":"<p>Witaj na mojej stronie! Mam na imi\u0119 Monika i jestem pasjonatk\u0105 fotografii krajobrazowej. To moje hobby i spos\u00f3b sp\u0119dzania wolnego czasu. Najbardziej lubi\u0119 b\u0142\u0105ka\u0107 si\u0119&hellip; <\/p>\n","protected":false},"author":1,"featured_media":0,"parent":0,"menu_order":0,"comment_status":"closed","ping_status":"closed","template":"","meta":{"two_page_speed":[],"footnotes":""},"class_list":["post-11","page","type-page","status-publish","hentry"],"_links":{"self":[{"href":"https:\/\/www.fotomonika.pl\/index.php\/wp-json\/wp\/v2\/pages\/11","targetHints":{"allow":["GET"]}}],"collection":[{"href":"https:\/\/www.fotomonika.pl\/index.php\/wp-json\/wp\/v2\/pages"}],"about":[{"href":"https:\/\/www.fotomonika.pl\/index.php\/wp-json\/wp\/v2\/types\/page"}],"author":[{"embeddable":true,"href":"https:\/\/www.fotomonika.pl\/index.php\/wp-json\/wp\/v2\/users\/1"}],"replies":[{"embeddable":true,"href":"https:\/\/www.fotomonika.pl\/index.php\/wp-json\/wp\/v2\/comments?post=11"}],"version-history":[{"count":98,"href":"https:\/\/www.fotomonika.pl\/index.php\/wp-json\/wp\/v2\/pages\/11\/revisions"}],"predecessor-version":[{"id":1045,"href":"https:\/\/www.fotomonika.pl\/index.php\/wp-json\/wp\/v2\/pages\/11\/revisions\/1045"}],"wp:attachment":[{"href":"https:\/\/www.fotomonika.pl\/index.php\/wp-json\/wp\/v2\/media?parent=11"}],"curies":[{"name":"wp","href":"https:\/\/api.w.org\/{rel}","templated":true}]}}